{"id":3583,"date":"2026-01-27T18:07:09","date_gmt":"2026-01-27T17:07:09","guid":{"rendered":"https:\/\/fellows-restaurants.com\/?post_type=product&#038;p=3583"},"modified":"2026-02-13T16:40:49","modified_gmt":"2026-02-13T15:40:49","slug":"carte-cadeau-fellows-25-euros","status":"publish","type":"product","link":"https:\/\/fellows-restaurants.com\/en\/produit\/carte-cadeau-fellows-25-euros\/","title":{"rendered":"Carte cadeau Fellows 25 euros"},"content":{"rendered":"<ul type=\"circle\">\n<li><strong>Carte utilisable chez Fellows pour le r\u00e8glement de l&#8217;addition<br \/>\n<\/strong><\/li>\n<li>La carte-cadeau est valable un an et utilisable une seule fois.<\/li>\n<li>R\u00e9servation obligatoire et soumise aux disponibilit\u00e9s de l\u2019\u00e9tablissement<\/li>\n<li>Non remboursable, non \u00e9changeable<\/li>\n<\/ul>\n","protected":false},"excerpt":{"rendered":"<p>Carte utilisable chez Fellows pour le r\u00e8glement de l&#8217;addition La carte-cadeau est valable un an et utilisable une seule fois. R\u00e9servation obligatoire et soumise aux disponibilit\u00e9s de l\u2019\u00e9tablissement Non remboursable, non \u00e9changeable<\/p>\n","protected":false},"featured_media":3682,"template":"","meta":{"_acf_changed":false},"product_cat":[26],"product_tag":[],"class_list":{"0":"post-3583","1":"product","2":"type-product","3":"status-publish","4":"has-post-thumbnail","6":"product_cat-cartes-cadeaux","8":"first","9":"instock","10":"downloadable","11":"virtual","12":"purchasable","13":"product-type-simple"},"acf":[],"yoast_head":"<!-- This site is optimized with the Yoast SEO plugin v22.8 - https:\/\/yoast.com\/wordpress\/plugins\/seo\/ -->\n<title>Carte cadeau Fellows 25 euros - Fellows<\/title>\n<meta name=\"robots\" content=\"noindex, follow\" \/>\n<meta property=\"og:locale\" content=\"en_US\" \/>\n<meta property=\"og:type\" content=\"article\" \/>\n<meta property=\"og:title\" content=\"Carte cadeau Fellows 25 euros - Fellows\" \/>\n<meta property=\"og:description\" content=\"Carte utilisable chez Fellows pour le r\u00e8glement de l&#8217;addition La carte-cadeau est valable un an et utilisable une seule fois. R\u00e9servation obligatoire et soumise aux disponibilit\u00e9s de l\u2019\u00e9tablissement Non remboursable, non \u00e9changeable\" \/>\n<meta property=\"og:url\" content=\"https:\/\/fellows-restaurants.com\/produit\/carte-cadeau-fellows-25-euros\/\" \/>\n<meta property=\"og:site_name\" content=\"Fellows\" \/>\n<meta property=\"article:modified_time\" content=\"2026-02-13T15:40:49+00:00\" \/>\n<meta property=\"og:image\" content=\"https:\/\/fellows-restaurants.com\/wp-content\/uploads\/2026\/01\/carte-fellows-25.png\" \/>\n\t<meta property=\"og:image:width\" content=\"589\" \/>\n\t<meta property=\"og:image:height\" content=\"461\" \/>\n\t<meta property=\"og:image:type\" content=\"image\/png\" \/>\n<meta name=\"twitter:card\" content=\"summary_large_image\" \/>\n<script type=\"application\/ld+json\" class=\"yoast-schema-graph\">{\"@context\":\"https:\/\/schema.org\",\"@graph\":[{\"@type\":\"WebPage\",\"@id\":\"https:\/\/fellows-restaurants.com\/produit\/carte-cadeau-fellows-25-euros\/\",\"url\":\"https:\/\/fellows-restaurants.com\/produit\/carte-cadeau-fellows-25-euros\/\",\"name\":\"Carte cadeau Fellows 25 euros - Fellows\",\"isPartOf\":{\"@id\":\"https:\/\/fellows-restaurants.com\/#website\"},\"primaryImageOfPage\":{\"@id\":\"https:\/\/fellows-restaurants.com\/produit\/carte-cadeau-fellows-25-euros\/#primaryimage\"},\"image\":{\"@id\":\"https:\/\/fellows-restaurants.com\/produit\/carte-cadeau-fellows-25-euros\/#primaryimage\"},\"thumbnailUrl\":\"https:\/\/fellows-restaurants.com\/wp-content\/uploads\/2026\/01\/carte-fellows-25.png\",\"datePublished\":\"2026-01-27T17:07:09+00:00\",\"dateModified\":\"2026-02-13T15:40:49+00:00\",\"breadcrumb\":{\"@id\":\"https:\/\/fellows-restaurants.com\/produit\/carte-cadeau-fellows-25-euros\/#breadcrumb\"},\"inLanguage\":\"en-US\",\"potentialAction\":[{\"@type\":\"ReadAction\",\"target\":[\"https:\/\/fellows-restaurants.com\/produit\/carte-cadeau-fellows-25-euros\/\"]}]},{\"@type\":\"ImageObject\",\"inLanguage\":\"en-US\",\"@id\":\"https:\/\/fellows-restaurants.com\/produit\/carte-cadeau-fellows-25-euros\/#primaryimage\",\"url\":\"https:\/\/fellows-restaurants.com\/wp-content\/uploads\/2026\/01\/carte-fellows-25.png\",\"contentUrl\":\"https:\/\/fellows-restaurants.com\/wp-content\/uploads\/2026\/01\/carte-fellows-25.png\",\"width\":589,\"height\":461},{\"@type\":\"BreadcrumbList\",\"@id\":\"https:\/\/fellows-restaurants.com\/produit\/carte-cadeau-fellows-25-euros\/#breadcrumb\",\"itemListElement\":[{\"@type\":\"ListItem\",\"position\":1,\"name\":\"Accueil\",\"item\":\"https:\/\/fellows-restaurants.com\/en\/\"},{\"@type\":\"ListItem\",\"position\":2,\"name\":\"Carte cadeau Fellows 25 euros\"}]},{\"@type\":\"WebSite\",\"@id\":\"https:\/\/fellows-restaurants.com\/#website\",\"url\":\"https:\/\/fellows-restaurants.com\/\",\"name\":\"Fellows\",\"description\":\"Fellows restaurants\",\"potentialAction\":[{\"@type\":\"SearchAction\",\"target\":{\"@type\":\"EntryPoint\",\"urlTemplate\":\"https:\/\/fellows-restaurants.com\/?s={search_term_string}\"},\"query-input\":\"required name=search_term_string\"}],\"inLanguage\":\"en-US\"}]}<\/script>\n<!-- \/ Yoast SEO plugin. -->","yoast_head_json":{"title":"Carte cadeau Fellows 25 euros - Fellows","robots":{"index":"noindex","follow":"follow"},"og_locale":"en_US","og_type":"article","og_title":"Carte cadeau Fellows 25 euros - Fellows","og_description":"Carte utilisable chez Fellows pour le r\u00e8glement de l&#8217;addition La carte-cadeau est valable un an et utilisable une seule fois. R\u00e9servation obligatoire et soumise aux disponibilit\u00e9s de l\u2019\u00e9tablissement Non remboursable, non \u00e9changeable","og_url":"https:\/\/fellows-restaurants.com\/produit\/carte-cadeau-fellows-25-euros\/","og_site_name":"Fellows","article_modified_time":"2026-02-13T15:40:49+00:00","og_image":[{"width":589,"height":461,"url":"https:\/\/fellows-restaurants.com\/wp-content\/uploads\/2026\/01\/carte-fellows-25.png","type":"image\/png"}],"twitter_card":"summary_large_image","schema":{"@context":"https:\/\/schema.org","@graph":[{"@type":"WebPage","@id":"https:\/\/fellows-restaurants.com\/produit\/carte-cadeau-fellows-25-euros\/","url":"https:\/\/fellows-restaurants.com\/produit\/carte-cadeau-fellows-25-euros\/","name":"Carte cadeau Fellows 25 euros - Fellows","isPartOf":{"@id":"https:\/\/fellows-restaurants.com\/#website"},"primaryImageOfPage":{"@id":"https:\/\/fellows-restaurants.com\/produit\/carte-cadeau-fellows-25-euros\/#primaryimage"},"image":{"@id":"https:\/\/fellows-restaurants.com\/produit\/carte-cadeau-fellows-25-euros\/#primaryimage"},"thumbnailUrl":"https:\/\/fellows-restaurants.com\/wp-content\/uploads\/2026\/01\/carte-fellows-25.png","datePublished":"2026-01-27T17:07:09+00:00","dateModified":"2026-02-13T15:40:49+00:00","breadcrumb":{"@id":"https:\/\/fellows-restaurants.com\/produit\/carte-cadeau-fellows-25-euros\/#breadcrumb"},"inLanguage":"en-US","potentialAction":[{"@type":"ReadAction","target":["https:\/\/fellows-restaurants.com\/produit\/carte-cadeau-fellows-25-euros\/"]}]},{"@type":"ImageObject","inLanguage":"en-US","@id":"https:\/\/fellows-restaurants.com\/produit\/carte-cadeau-fellows-25-euros\/#primaryimage","url":"https:\/\/fellows-restaurants.com\/wp-content\/uploads\/2026\/01\/carte-fellows-25.png","contentUrl":"https:\/\/fellows-restaurants.com\/wp-content\/uploads\/2026\/01\/carte-fellows-25.png","width":589,"height":461},{"@type":"BreadcrumbList","@id":"https:\/\/fellows-restaurants.com\/produit\/carte-cadeau-fellows-25-euros\/#breadcrumb","itemListElement":[{"@type":"ListItem","position":1,"name":"Accueil","item":"https:\/\/fellows-restaurants.com\/en\/"},{"@type":"ListItem","position":2,"name":"Carte cadeau Fellows 25 euros"}]},{"@type":"WebSite","@id":"https:\/\/fellows-restaurants.com\/#website","url":"https:\/\/fellows-restaurants.com\/","name":"Fellows","description":"Fellows restaurants","potentialAction":[{"@type":"SearchAction","target":{"@type":"EntryPoint","urlTemplate":"https:\/\/fellows-restaurants.com\/?s={search_term_string}"},"query-input":"required name=search_term_string"}],"inLanguage":"en-US"}]}},"_links":{"self":[{"href":"https:\/\/fellows-restaurants.com\/en\/wp-json\/wp\/v2\/product\/3583","targetHints":{"allow":["GET"]}}],"collection":[{"href":"https:\/\/fellows-restaurants.com\/en\/wp-json\/wp\/v2\/product"}],"about":[{"href":"https:\/\/fellows-restaurants.com\/en\/wp-json\/wp\/v2\/types\/product"}],"wp:featuredmedia":[{"embeddable":true,"href":"https:\/\/fellows-restaurants.com\/en\/wp-json\/wp\/v2\/media\/3682"}],"wp:attachment":[{"href":"https:\/\/fellows-restaurants.com\/en\/wp-json\/wp\/v2\/media?parent=3583"}],"wp:term":[{"taxonomy":"product_cat","embeddable":true,"href":"https:\/\/fellows-restaurants.com\/en\/wp-json\/wp\/v2\/product_cat?post=3583"},{"taxonomy":"product_tag","embeddable":true,"href":"https:\/\/fellows-restaurants.com\/en\/wp-json\/wp\/v2\/product_tag?post=3583"}],"curies":[{"name":"wp","href":"https:\/\/api.w.org\/{rel}","templated":true}]}}